{"id":1032,"date":"2019-09-13T16:51:27","date_gmt":"2019-09-13T14:51:27","guid":{"rendered":"https:\/\/www.chateauderoncourt.fr\/?page_id=1032"},"modified":"2024-08-18T23:04:45","modified_gmt":"2024-08-18T21:04:45","slug":"contact","status":"publish","type":"page","link":"https:\/\/www.chateauderoncourt.fr\/?page_id=1032&lang=fr","title":{"rendered":"Contact"},"content":{"rendered":"<div id=\"pl-1032\"  class=\"panel-layout\" ><div id=\"pg-1032-0\"  class=\"panel-grid panel-has-style\" ><div class=\"siteorigin-panels-stretch panel-row-style panel-row-style-for-1032-0\" data-stretch-type=\"full-stretched\" ><div id=\"pgc-1032-0-0\"  class=\"panel-grid-cell\" ><div id=\"panel-1032-0-0-0\" class=\"so-panel widget widget_sow-editor panel-first-child panel-last-child\" data-index=\"0\" ><div class=\"so-widget-sow-editor so-widget-sow-editor-base\">\n<div class=\"siteorigin-widget-tinymce textwidget\">\n\t<p><iframe loading=\"lazy\" src=\"https:\/\/www.google.com\/maps\/embed?pb=!1m18!1m12!1m3!1d101130.38935680421!2d5.75612525778908!3d48.23539229979812!2m3!1f0!2f0!3f0!3m2!1i1024!2i768!4f13.1!3m3!1m2!1s0x47933594209fffb1%3A0x29799308e37ac283!2sCh%C3%A2teau%20de%20Roncourt!5e0!3m2!1sfr!2sfr!4v1568388995169!5m2!1sfr!2sfr\" width=\"1600\" height=\"500\" frameborder=\"0\" style=\"border:0;\" allowfullscreen=\"\"><\/iframe><\/p>\n<\/div>\n<\/div><\/div><\/div><\/div><\/div><div id=\"pg-1032-1\"  class=\"panel-grid panel-no-style\" ><div id=\"pgc-1032-1-0\"  class=\"panel-grid-cell\" ><div id=\"panel-1032-1-0-0\" class=\"so-panel widget widget_sow-editor panel-first-child panel-last-child\" data-index=\"1\" ><div class=\"so-widget-sow-editor so-widget-sow-editor-base\">\n<div class=\"siteorigin-widget-tinymce textwidget\">\n\t<p><strong>CH\u00c2TEAU DE RONCOURT<br \/>\n<\/strong><\/p>\n<p><strong>1 rue du Ch\u00e2teau<br \/>\n<\/strong><\/p>\n<p><strong>88300 RONCOURT<\/strong><\/p>\n<\/div>\n<\/div><\/div><\/div><div id=\"pgc-1032-1-1\"  class=\"panel-grid-cell\" ><div id=\"panel-1032-1-1-0\" class=\"so-panel widget widget_sow-editor panel-first-child panel-last-child\" data-index=\"2\" ><div class=\"so-widget-sow-editor so-widget-sow-editor-base\">\n<div class=\"siteorigin-widget-tinymce textwidget\">\n\t<p><strong>T\u00e9l : 03.29.95.58.46<\/strong><\/p>\n<p><span style=\"font-size: 18pt; color: #ff6600;\"><strong>\u00a0<\/strong><\/span><span style=\"font-size: 18pt; color: #000000;\">mail : <\/span><strong><a href=\"mailto:chateauderoncourt@orange.fr\"><span style=\"font-size: 18pt; color: #ff6600;\">chateauderoncourt@orange.fr<\/span><\/a><\/strong><\/p>\n<\/div>\n<\/div><\/div><\/div><\/div><\/div>","protected":false},"excerpt":{"rendered":"<p>CH\u00c2TEAU DE RONCOURT 1 rue du Ch\u00e2teau 88300 RONCOURT T\u00e9l : 03.29.95.58.46 \u00a0mail : chateauderoncourt@orange.fr<\/p>\n","protected":false},"author":1,"featured_media":0,"parent":0,"menu_order":0,"comment_status":"closed","ping_status":"closed","template":"","meta":{"footnotes":""},"class_list":["post-1032","page","type-page","status-publish","hentry"],"jetpack_sharing_enabled":true,"_links":{"self":[{"href":"https:\/\/www.chateauderoncourt.fr\/index.php?rest_route=\/wp\/v2\/pages\/1032","targetHints":{"allow":["GET"]}}],"collection":[{"href":"https:\/\/www.chateauderoncourt.fr\/index.php?rest_route=\/wp\/v2\/pages"}],"about":[{"href":"https:\/\/www.chateauderoncourt.fr\/index.php?rest_route=\/wp\/v2\/types\/page"}],"author":[{"embeddable":true,"href":"https:\/\/www.chateauderoncourt.fr\/index.php?rest_route=\/wp\/v2\/users\/1"}],"replies":[{"embeddable":true,"href":"https:\/\/www.chateauderoncourt.fr\/index.php?rest_route=%2Fwp%2Fv2%2Fcomments&post=1032"}],"version-history":[{"count":2,"href":"https:\/\/www.chateauderoncourt.fr\/index.php?rest_route=\/wp\/v2\/pages\/1032\/revisions"}],"predecessor-version":[{"id":5880,"href":"https:\/\/www.chateauderoncourt.fr\/index.php?rest_route=\/wp\/v2\/pages\/1032\/revisions\/5880"}],"wp:attachment":[{"href":"https:\/\/www.chateauderoncourt.fr\/index.php?rest_route=%2Fwp%2Fv2%2Fmedia&parent=1032"}],"curies":[{"name":"wp","href":"https:\/\/api.w.org\/{rel}","templated":true}]}}