{"id":1148,"date":"2019-10-02T15:08:07","date_gmt":"2019-10-02T13:08:07","guid":{"rendered":"https:\/\/www.chateauderoncourt.fr\/?page_id=1148"},"modified":"2019-10-02T15:20:35","modified_gmt":"2019-10-02T13:20:35","slug":"politique-de-confidentialite","status":"publish","type":"page","link":"https:\/\/www.chateauderoncourt.fr\/?page_id=1148&lang=fr","title":{"rendered":"Politique de confidentialit\u00e9"},"content":{"rendered":"<div id=\"pl-1148\"  class=\"panel-layout\" ><div id=\"pg-1148-0\"  class=\"panel-grid panel-no-style\" ><div id=\"pgc-1148-0-0\"  class=\"panel-grid-cell\" ><div id=\"panel-1148-0-0-0\" class=\"so-panel widget widget_sow-editor panel-first-child panel-last-child\" data-index=\"0\" ><div class=\"so-widget-sow-editor so-widget-sow-editor-base\">\n<div class=\"siteorigin-widget-tinymce textwidget\">\n\t<h1 style=\"text-align: center;\">Politique de protection des donn\u00e9es<\/h1>\n<h1>Informations g\u00e9n\u00e9rales<\/h1>\n<p>le Ch\u00e2teau de Roncourt est l\u2019\u00e9diteur du contenu du site www.chateauderoncourt.fr et le responsable des traitements de donn\u00e9es s\u2019y trouvant.<\/p>\n<p>Ce site a pour but de pr\u00e9senter Le Ch\u00e2teau de Roncourt, ses chambres et sa table d'h\u00f4tes.<\/p>\n<p>Ce site a \u00e9t\u00e9 r\u00e9alis\u00e9 par CM Informatique \u2013 266 rue Jean Moulin \u2013 88140 Bulgn\u00e9ville et l\u2019agence graphique Goutte d\u2019O \u2013 21 Grande Rue \u2013 88120 St Am\u00e9.<\/p>\n<p>Site internet : www.c-mai.fr<\/p>\n<h1>Mesures de s\u00e9curit\u00e9<\/h1>\n<p>Tr\u00e8s soucieux de la qualit\u00e9 de ses services, Le Ch\u00e2teau de Roncourt est engag\u00e9 depuis tr\u00e8s longtemps dans une d\u00e9marche visant \u00e0 garantir la s\u00e9curit\u00e9 des donn\u00e9es qui lui sont confi\u00e9es. Tous les \u00e9changes avec notre site internet garantissent la confidentialit\u00e9 des donn\u00e9es et ces derni\u00e8res sont stock\u00e9es sur des serveurs dont la s\u00e9curit\u00e9 est assur\u00e9e par un prestataire reconnu dans le domaine de l\u2019h\u00e9bergement : OVH \u2013 www.ovh.com<\/p>\n<p>Notre service informatique veille continuellement \u00e0 l\u2019int\u00e9grit\u00e9 du syst\u00e8me d\u2019information et des solutions num\u00e9riques tout en garantissant une gestion fine des droits d\u2019acc\u00e8s permettant de s\u2019assurer que seules les personnes comp\u00e9tentes peuvent traiter vos donn\u00e9es.<\/p>\n<p>De plus, un D\u00e9l\u00e9gu\u00e9 \u00e0 la Protection des Donn\u00e9es a \u00e9t\u00e9 d\u00e9sign\u00e9 en la personne de Yann Wehrling afin de veiller au respect des r\u00e9glementations en vigueur en mati\u00e8re de protection des donn\u00e9es.<\/p>\n<h1>Donn\u00e9es personnelles collect\u00e9es<\/h1>\n<p>Au cours de votre visite sur notre site internet, aucune donn\u00e9e n\u2019est collect\u00e9e \u00e0 votre insu. Seules deux sources de collecte de donn\u00e9es personnelles sont pr\u00e9sentes :<\/p>\n<ul>\n<li>Les cookies (veuillez vous rapporter \u00e0 la section \u00ab cookies \u00bb de cette page)<\/li>\n<li>Les formulaires<\/li>\n<\/ul>\n<p>Les donn\u00e9es que nous recueillons via nos formulaires sont uniquement celles que vous consentez \u00e0 nous fournir et ne sont en aucun cas transmises \u00e0 des tiers et aucun usage commercial n\u2019est fait de ces donn\u00e9es. Elles nous sont n\u00e9cessaires afin de pouvoir r\u00e9pondre \u00e0 votre demande ou vous fournir le service correspondant. Sauf mention contraire expresse sur le formulaire, seuls les agents des services concern\u00e9s sont amen\u00e9s \u00e0 traiter vos donn\u00e9es.<\/p>\n<h1>Vos droits<\/h1>\n<p>Conform\u00e9ment \u00e0 la loi Informatique et Libert\u00e9s n\u00b0 78-17 du 6 janvier 1978 modifi\u00e9e, ainsi qu\u2019au R\u00e8glement (UE) 2016\/679 dit \u00ab RGPD \u00bb, vous disposez de plusieurs droits concernant vos donn\u00e9es personnelles :<\/p>\n<ul>\n<li>Droit d\u2019acc\u00e8s, de rectification et d\u2019effacement de vos donn\u00e9es<\/li>\n<li>Droit \u00e0 la limitation d\u2019un traitement<\/li>\n<li>Droit \u00e0 ne pas faire l\u2019objet d\u2019une d\u00e9cision automatis\u00e9e<\/li>\n<li>Droit \u00e0 la portabilit\u00e9 de vos donn\u00e9es<\/li>\n<\/ul>\n<p>Pour en savoir plus sur vos droits, vous pouvez consulter le site de la CNIL : https:\/\/www.cnil.fr\/reglement-europeen-protection-donnees\/chapitre3<\/p>\n<p>Vous pouvez \u00e0 tout moment demander \u00e0 faire exercice de vos droits en nous contactant de la fa\u00e7on suivante : par mail \u00e0 chateauderoncourt@orange.fr<\/p>\n<h1>Cookies<\/h1>\n<p>Les cookies sont des petits fichiers informatiques qui contiennent certaines informations concernant votre navigation sur internet. Ils nous permettent de g\u00e9n\u00e9rer des statistiques (anonymes) sur les pages les plus visit\u00e9es de notre site internet ou d\u2019am\u00e9liorer le contenu des autres par l\u2019interm\u00e9diaire de Google Analytics. En outre, ils nous donnent \u00e9galement la possibilit\u00e9 de vous mettre \u00e0 disposition des services correspondant \u00e0 vos attentes<\/p>\n<p>La conservation de ces cookies est limit\u00e9e dans le temps et n\u2019exc\u00e8de jamais 13 mois, conform\u00e9ment aux pr\u00e9conisations de la CNIL.<\/p>\n<p>Vous avez la possibilit\u00e9 de refuser l\u2019utilisation de ces cookies sans que cela n\u2019entrave votre navigation sur notre site internet, cependant certains services pourront ne pas \u00eatre disponibles.<\/p>\n<p>Il vous est \u00e9galement possible \u00e0 tout moment, de g\u00e9rer ou supprimer les cookies qui sont install\u00e9s sur votre ordinateur. Pour cela nous vous invitons \u00e0 consulter cet article de la CNIL : https:\/\/www.cnil.fr\/fr\/cookies-les-outils-pour-les-maitriser<\/p>\n<h1>Contact<\/h1>\n<p>Pour toute question relative \u00e0 la protection de vos donn\u00e9es personnelles, vous pouvez contacter notre D\u00e9l\u00e9gu\u00e9 \u00e0 la Protection des Donn\u00e9es via le formulaire suivant : chateauderoncourt@orange.fr<\/p>\n<p>Pour toute autre question, les services du Ch\u00e2teau de Roncourt sont joignables \u00e0 : chateauderoncourt@orange.fr<\/p>\n<\/div>\n<\/div><\/div><\/div><\/div><\/div>","protected":false},"excerpt":{"rendered":"<p>Politique de protection des donn\u00e9es Informations g\u00e9n\u00e9rales le Ch\u00e2teau de Roncourt est l\u2019\u00e9diteur du contenu du site www.chateauderoncourt.fr et le responsable des traitements de donn\u00e9es s\u2019y trouvant. Ce site a pour but de pr\u00e9senter Le Ch\u00e2teau de Roncourt, ses chambres et sa table d&rsquo;h\u00f4tes. Ce site a \u00e9t\u00e9 r\u00e9alis\u00e9 par CM Informatique \u2013 266 rue [&hellip;]<\/p>\n","protected":false},"author":1,"featured_media":0,"parent":0,"menu_order":0,"comment_status":"closed","ping_status":"closed","template":"","meta":{"footnotes":""},"class_list":["post-1148","page","type-page","status-publish","hentry"],"jetpack_sharing_enabled":true,"_links":{"self":[{"href":"https:\/\/www.chateauderoncourt.fr\/index.php?rest_route=\/wp\/v2\/pages\/1148","targetHints":{"allow":["GET"]}}],"collection":[{"href":"https:\/\/www.chateauderoncourt.fr\/index.php?rest_route=\/wp\/v2\/pages"}],"about":[{"href":"https:\/\/www.chateauderoncourt.fr\/index.php?rest_route=\/wp\/v2\/types\/page"}],"author":[{"embeddable":true,"href":"https:\/\/www.chateauderoncourt.fr\/index.php?rest_route=\/wp\/v2\/users\/1"}],"replies":[{"embeddable":true,"href":"https:\/\/www.chateauderoncourt.fr\/index.php?rest_route=%2Fwp%2Fv2%2Fcomments&post=1148"}],"version-history":[{"count":0,"href":"https:\/\/www.chateauderoncourt.fr\/index.php?rest_route=\/wp\/v2\/pages\/1148\/revisions"}],"wp:attachment":[{"href":"https:\/\/www.chateauderoncourt.fr\/index.php?rest_route=%2Fwp%2Fv2%2Fmedia&parent=1148"}],"curies":[{"name":"wp","href":"https:\/\/api.w.org\/{rel}","templated":true}]}}