{"id":5881,"date":"2024-08-18T23:16:05","date_gmt":"2024-08-18T21:16:05","guid":{"rendered":"https:\/\/www.chateauderoncourt.fr\/?page_id=5881"},"modified":"2025-06-01T18:48:31","modified_gmt":"2025-06-01T16:48:31","slug":"la-roulotte-3","status":"publish","type":"page","link":"https:\/\/www.chateauderoncourt.fr\/?page_id=5881&lang=fr","title":{"rendered":"La caravane"},"content":{"rendered":"<div id=\"pl-5881\"  class=\"panel-layout\" ><div id=\"pg-5881-0\"  class=\"panel-grid panel-has-style\" ><div class=\"siteorigin-panels-stretch panel-row-style panel-row-style-for-5881-0\" data-stretch-type=\"full-stretched\" ><div id=\"pgc-5881-0-0\"  class=\"panel-grid-cell\" ><div id=\"panel-5881-0-0-0\" class=\"so-panel widget widget_sow-editor panel-first-child panel-last-child\" data-index=\"0\" ><div class=\"panel-widget-style panel-widget-style-for-5881-0-0-0\" ><div class=\"so-widget-sow-editor so-widget-sow-editor-base\">\n<div class=\"siteorigin-widget-tinymce textwidget\">\n\t<p><img loading=\"lazy\" decoding=\"async\" class=\"alignnone size-full wp-image-6506\" src=\"https:\/\/www.chateauderoncourt.fr\/wp-content\/uploads\/2025\/06\/IMG_0594-scaled.jpg\" alt=\"\" width=\"1901\" height=\"795\" \/><\/p>\n<\/div>\n<\/div><\/div><\/div><\/div><\/div><\/div><div id=\"pg-5881-1\"  class=\"panel-grid panel-has-style\" ><div class=\"siteorigin-panels-stretch panel-row-style panel-row-style-for-5881-1\" data-stretch-type=\"full\" ><div id=\"pgc-5881-1-0\"  class=\"panel-grid-cell\" ><div id=\"panel-5881-1-0-0\" class=\"so-panel widget widget_sow-editor panel-first-child panel-last-child\" data-index=\"1\" ><div class=\"so-widget-sow-editor so-widget-sow-editor-base\">\n<div class=\"siteorigin-widget-tinymce textwidget\">\n\t<h1 style=\"text-align: center;\">LA CARAVANE<\/h1>\n<p class=\"atlantis\" style=\"text-align: center;\"><span style=\"font-size: 14pt;\"> Retour dans les seventies avec cette caravane tout confort !<\/span><\/p>\n<\/div>\n<\/div><\/div><\/div><\/div><\/div><div id=\"pg-5881-2\"  class=\"panel-grid panel-has-style\" ><div class=\"siteorigin-panels-stretch panel-row-style panel-row-style-for-5881-2\" data-stretch-type=\"full\" ><div id=\"pgc-5881-2-0\"  class=\"panel-grid-cell panel-grid-cell-empty\" ><\/div><div id=\"pgc-5881-2-1\"  class=\"panel-grid-cell panel-grid-cell-mobile-last\" ><div id=\"panel-5881-2-1-0\" class=\"so-panel widget widget_sow-editor panel-first-child panel-last-child\" data-index=\"2\" ><div class=\"panel-widget-style panel-widget-style-for-5881-2-1-0\" ><div class=\"so-widget-sow-editor so-widget-sow-editor-base\">\n<div class=\"siteorigin-widget-tinymce textwidget\">\n\t<\/div>\n<\/div><\/div><\/div><\/div><div id=\"pgc-5881-2-2\"  class=\"panel-grid-cell panel-grid-cell-empty\" ><\/div><\/div><\/div><div id=\"pg-5881-3\"  class=\"panel-grid panel-has-style\" ><div class=\"siteorigin-panels-stretch panel-row-style panel-row-style-for-5881-3\" data-stretch-type=\"full-stretched\" ><div id=\"pgc-5881-3-0\"  class=\"panel-grid-cell panel-grid-cell-empty\" ><\/div><div id=\"pgc-5881-3-1\"  class=\"panel-grid-cell\" ><div id=\"panel-5881-3-1-0\" class=\"so-panel widget widget_sow-editor panel-first-child panel-last-child\" data-index=\"3\" ><div class=\"so-widget-sow-editor so-widget-sow-editor-base\">\n<div class=\"siteorigin-widget-tinymce textwidget\">\n\t<p><img loading=\"lazy\" decoding=\"async\" class=\"alignnone wp-image-5900 size-medium\" src=\"https:\/\/www.chateauderoncourt.fr\/wp-content\/uploads\/2024\/08\/IMG_8603-225x300.png\" alt=\"\" width=\"320\" height=\"427\" srcset=\"https:\/\/www.chateauderoncourt.fr\/wp-content\/uploads\/2024\/08\/IMG_8603-225x300.png 225w, https:\/\/www.chateauderoncourt.fr\/wp-content\/uploads\/2024\/08\/IMG_8603-768x1024.png 768w, https:\/\/www.chateauderoncourt.fr\/wp-content\/uploads\/2024\/08\/IMG_8603-600x800.png 600w, https:\/\/www.chateauderoncourt.fr\/wp-content\/uploads\/2024\/08\/IMG_8603.png 960w\" sizes=\"auto, (max-width: 320px) 100vw, 320px\" \/><\/p>\n<\/div>\n<\/div><\/div><\/div><div id=\"pgc-5881-3-2\"  class=\"panel-grid-cell\" ><div id=\"panel-5881-3-2-0\" class=\"so-panel widget widget_sow-editor panel-first-child panel-last-child\" data-index=\"4\" ><div class=\"so-widget-sow-editor so-widget-sow-editor-base\">\n<div class=\"siteorigin-widget-tinymce textwidget\">\n\t<p style=\"text-align: center;\"><img loading=\"lazy\" decoding=\"async\" class=\"size-medium wp-image-5912 aligncenter\" src=\"https:\/\/www.chateauderoncourt.fr\/wp-content\/uploads\/2024\/08\/IMG_8619-225x300.jpg\" alt=\"\" width=\"320\" height=\"427\" srcset=\"https:\/\/www.chateauderoncourt.fr\/wp-content\/uploads\/2024\/08\/IMG_8619-225x300.jpg 225w, https:\/\/www.chateauderoncourt.fr\/wp-content\/uploads\/2024\/08\/IMG_8619-768x1024.jpg 768w, https:\/\/www.chateauderoncourt.fr\/wp-content\/uploads\/2024\/08\/IMG_8619-600x800.jpg 600w, https:\/\/www.chateauderoncourt.fr\/wp-content\/uploads\/2024\/08\/IMG_8619.jpg 960w\" sizes=\"auto, (max-width: 320px) 100vw, 320px\" \/><\/p>\n<\/div>\n<\/div><\/div><\/div><div id=\"pgc-5881-3-3\"  class=\"panel-grid-cell\" ><div id=\"panel-5881-3-3-0\" class=\"so-panel widget widget_sow-editor panel-first-child panel-last-child\" data-index=\"5\" ><div class=\"so-widget-sow-editor so-widget-sow-editor-base\">\n<div class=\"siteorigin-widget-tinymce textwidget\">\n\t<p style=\"text-align: center;\"><img loading=\"lazy\" decoding=\"async\" class=\"alignnone size-medium wp-image-5908\" src=\"https:\/\/www.chateauderoncourt.fr\/wp-content\/uploads\/2024\/08\/IMG_8614-225x300.jpg\" alt=\"\" width=\"320\" height=\"427\" \/><\/p>\n<\/div>\n<\/div><\/div><\/div><div id=\"pgc-5881-3-4\"  class=\"panel-grid-cell panel-grid-cell-mobile-last\" ><div id=\"panel-5881-3-4-0\" class=\"so-panel widget widget_sow-editor panel-first-child panel-last-child\" data-index=\"6\" ><div class=\"so-widget-sow-editor so-widget-sow-editor-base\">\n<div class=\"siteorigin-widget-tinymce textwidget\">\n\t<p><img loading=\"lazy\" decoding=\"async\" class=\"alignnone size-medium wp-image-5909\" src=\"https:\/\/www.chateauderoncourt.fr\/wp-content\/uploads\/2024\/08\/IMG_8615-225x300.jpg\" alt=\"\" width=\"320\" height=\"427\" srcset=\"https:\/\/www.chateauderoncourt.fr\/wp-content\/uploads\/2024\/08\/IMG_8615-225x300.jpg 225w, https:\/\/www.chateauderoncourt.fr\/wp-content\/uploads\/2024\/08\/IMG_8615-768x1024.jpg 768w, https:\/\/www.chateauderoncourt.fr\/wp-content\/uploads\/2024\/08\/IMG_8615-600x800.jpg 600w, https:\/\/www.chateauderoncourt.fr\/wp-content\/uploads\/2024\/08\/IMG_8615.jpg 960w\" sizes=\"auto, (max-width: 320px) 100vw, 320px\" \/><\/p>\n<\/div>\n<\/div><\/div><\/div><div id=\"pgc-5881-3-5\"  class=\"panel-grid-cell panel-grid-cell-empty\" ><\/div><\/div><\/div><div id=\"pg-5881-4\"  class=\"panel-grid panel-no-style\" ><div id=\"pgc-5881-4-0\"  class=\"panel-grid-cell\" ><div id=\"panel-5881-4-0-0\" class=\"so-panel widget widget_sow-editor panel-first-child panel-last-child\" data-index=\"7\" ><div class=\"so-widget-sow-editor so-widget-sow-editor-base\">\n<div class=\"siteorigin-widget-tinymce textwidget\">\n\t<p>La caravane est situ\u00e9e au milieu du parc, dans le verger au bord de la mare en contrebas du ch\u00e2teau.<br \/>\nVous aurez le confort d'une caravane d\u00e9cor\u00e9e \u00e0 la mode des ann\u00e9es 70\/80, totalement \u00e9quip\u00e9e, au milieu de la nature : un lit deux places (possibilit\u00e9 d'am\u00e9nager un second couchage pour les enfants), de l\u2019\u00e9lectricit\u00e9, une petite table pour 4 personnes, un coin cuisine avec un petit frigo et de l\u2019eau courante, douche et toilettes.<\/p>\n<p>L\u2019essentiel pour votre petit d\u00e9jeuner sera \u00e0 disposition dans la caravane.<\/p>\n<p>2 personnes (+ 2 enfants) -<\/p>\n<p>TARIF\u00a0 avec 2 nuits minimum :<br \/>\n2 nuits : 90 \u20ac (30\u20ac par\u00a0 nuit suppl\u00e9mentaire)<br \/>\nForfait semaine : 240 \u20ac<\/p>\n<p>Veuillez nous contacter pour r\u00e9server la caravane.<br \/>\npar t\u00e9l\u00e9phone au 03 29 95 58 46<br \/>\nou par mail \u00e0 <a href=\"mailto:chateauderoncourt@orange.fr\">chateauderoncourt@orange.fr<\/a><\/p>\n<\/div>\n<\/div><\/div><\/div><\/div><div id=\"pg-5881-5\"  class=\"panel-grid panel-has-style\" ><div class=\"siteorigin-panels-stretch panel-row-style panel-row-style-for-5881-5\" data-stretch-type=\"full\" ><div id=\"pgc-5881-5-0\"  class=\"panel-grid-cell panel-grid-cell-empty\" ><\/div><div id=\"pgc-5881-5-1\"  class=\"panel-grid-cell panel-grid-cell-mobile-last\" ><div id=\"panel-5881-5-1-0\" class=\"so-panel widget widget_sow-editor panel-first-child panel-last-child\" data-index=\"8\" ><div class=\"panel-widget-style panel-widget-style-for-5881-5-1-0\" ><div class=\"so-widget-sow-editor so-widget-sow-editor-base\">\n<div class=\"siteorigin-widget-tinymce textwidget\">\n\t\n\t\t<style type=\"text\/css\">\n\t\t\t#gallery-1 {\n\t\t\t\tmargin: auto;\n\t\t\t}\n\t\t\t#gallery-1 .gallery-item {\n\t\t\t\tfloat: left;\n\t\t\t\tmargin-top: 10px;\n\t\t\t\ttext-align: center;\n\t\t\t\twidth: 33%;\n\t\t\t}\n\t\t\t#gallery-1 img {\n\t\t\t\tborder: 2px solid #cfcfcf;\n\t\t\t}\n\t\t\t#gallery-1 .gallery-caption {\n\t\t\t\tmargin-left: 0;\n\t\t\t}\n\t\t\t\/* see gallery_shortcode() in wp-includes\/media.php *\/\n\t\t<\/style>\n\t\t<div id='gallery-1' class='gallery galleryid-5881 gallery-columns-3 gallery-size-thumbnail'><dl class='gallery-item'>\n\t\t\t<dt class='gallery-icon portrait'>\n\t\t\t\t<a href='https:\/\/www.chateauderoncourt.fr\/?attachment_id=5913'><img loading=\"lazy\" decoding=\"async\" width=\"150\" height=\"150\" src=\"https:\/\/www.chateauderoncourt.fr\/wp-content\/uploads\/2024\/08\/IMG_8618-e1740154581764-150x150.jpg\" class=\"attachment-thumbnail size-thumbnail\" alt=\"\" srcset=\"https:\/\/www.chateauderoncourt.fr\/wp-content\/uploads\/2024\/08\/IMG_8618-e1740154581764-150x150.jpg 150w, https:\/\/www.chateauderoncourt.fr\/wp-content\/uploads\/2024\/08\/IMG_8618-e1740154581764-300x300.jpg 300w, https:\/\/www.chateauderoncourt.fr\/wp-content\/uploads\/2024\/08\/IMG_8618-e1740154581764-100x100.jpg 100w\" sizes=\"auto, (max-width: 150px) 100vw, 150px\" \/><\/a>\n\t\t\t<\/dt><\/dl><dl class='gallery-item'>\n\t\t\t<dt class='gallery-icon portrait'>\n\t\t\t\t<a href='https:\/\/www.chateauderoncourt.fr\/?attachment_id=5912'><img loading=\"lazy\" decoding=\"async\" width=\"150\" height=\"150\" src=\"https:\/\/www.chateauderoncourt.fr\/wp-content\/uploads\/2024\/08\/IMG_8619-150x150.jpg\" class=\"attachment-thumbnail size-thumbnail\" alt=\"\" srcset=\"https:\/\/www.chateauderoncourt.fr\/wp-content\/uploads\/2024\/08\/IMG_8619-150x150.jpg 150w, https:\/\/www.chateauderoncourt.fr\/wp-content\/uploads\/2024\/08\/IMG_8619-300x300.jpg 300w, https:\/\/www.chateauderoncourt.fr\/wp-content\/uploads\/2024\/08\/IMG_8619-100x100.jpg 100w\" sizes=\"auto, (max-width: 150px) 100vw, 150px\" \/><\/a>\n\t\t\t<\/dt><\/dl><dl class='gallery-item'>\n\t\t\t<dt class='gallery-icon portrait'>\n\t\t\t\t<a href='https:\/\/www.chateauderoncourt.fr\/?attachment_id=5911'><img loading=\"lazy\" decoding=\"async\" width=\"150\" height=\"150\" src=\"https:\/\/www.chateauderoncourt.fr\/wp-content\/uploads\/2024\/08\/IMG_8617-150x150.jpg\" class=\"attachment-thumbnail size-thumbnail\" alt=\"\" srcset=\"https:\/\/www.chateauderoncourt.fr\/wp-content\/uploads\/2024\/08\/IMG_8617-150x150.jpg 150w, https:\/\/www.chateauderoncourt.fr\/wp-content\/uploads\/2024\/08\/IMG_8617-300x300.jpg 300w, https:\/\/www.chateauderoncourt.fr\/wp-content\/uploads\/2024\/08\/IMG_8617-100x100.jpg 100w\" sizes=\"auto, (max-width: 150px) 100vw, 150px\" \/><\/a>\n\t\t\t<\/dt><\/dl><br style=\"clear: both\" \/><dl class='gallery-item'>\n\t\t\t<dt class='gallery-icon portrait'>\n\t\t\t\t<a href='https:\/\/www.chateauderoncourt.fr\/?attachment_id=5910'><img loading=\"lazy\" decoding=\"async\" width=\"150\" height=\"150\" src=\"https:\/\/www.chateauderoncourt.fr\/wp-content\/uploads\/2024\/08\/IMG_8616-150x150.jpg\" class=\"attachment-thumbnail size-thumbnail\" alt=\"\" srcset=\"https:\/\/www.chateauderoncourt.fr\/wp-content\/uploads\/2024\/08\/IMG_8616-150x150.jpg 150w, https:\/\/www.chateauderoncourt.fr\/wp-content\/uploads\/2024\/08\/IMG_8616-300x300.jpg 300w, https:\/\/www.chateauderoncourt.fr\/wp-content\/uploads\/2024\/08\/IMG_8616-100x100.jpg 100w\" sizes=\"auto, (max-width: 150px) 100vw, 150px\" \/><\/a>\n\t\t\t<\/dt><\/dl><dl class='gallery-item'>\n\t\t\t<dt class='gallery-icon portrait'>\n\t\t\t\t<a href='https:\/\/www.chateauderoncourt.fr\/?attachment_id=5909'><img loading=\"lazy\" decoding=\"async\" width=\"150\" height=\"150\" src=\"https:\/\/www.chateauderoncourt.fr\/wp-content\/uploads\/2024\/08\/IMG_8615-150x150.jpg\" class=\"attachment-thumbnail size-thumbnail\" alt=\"\" srcset=\"https:\/\/www.chateauderoncourt.fr\/wp-content\/uploads\/2024\/08\/IMG_8615-150x150.jpg 150w, https:\/\/www.chateauderoncourt.fr\/wp-content\/uploads\/2024\/08\/IMG_8615-300x300.jpg 300w, https:\/\/www.chateauderoncourt.fr\/wp-content\/uploads\/2024\/08\/IMG_8615-100x100.jpg 100w\" sizes=\"auto, (max-width: 150px) 100vw, 150px\" \/><\/a>\n\t\t\t<\/dt><\/dl><dl class='gallery-item'>\n\t\t\t<dt class='gallery-icon portrait'>\n\t\t\t\t<a href='https:\/\/www.chateauderoncourt.fr\/?attachment_id=5907'><img loading=\"lazy\" decoding=\"async\" width=\"150\" height=\"150\" src=\"https:\/\/www.chateauderoncourt.fr\/wp-content\/uploads\/2024\/08\/IMG_8612-150x150.jpg\" class=\"attachment-thumbnail size-thumbnail\" alt=\"\" srcset=\"https:\/\/www.chateauderoncourt.fr\/wp-content\/uploads\/2024\/08\/IMG_8612-150x150.jpg 150w, https:\/\/www.chateauderoncourt.fr\/wp-content\/uploads\/2024\/08\/IMG_8612-300x300.jpg 300w, https:\/\/www.chateauderoncourt.fr\/wp-content\/uploads\/2024\/08\/IMG_8612-100x100.jpg 100w\" sizes=\"auto, (max-width: 150px) 100vw, 150px\" \/><\/a>\n\t\t\t<\/dt><\/dl><br style=\"clear: both\" \/><dl class='gallery-item'>\n\t\t\t<dt class='gallery-icon portrait'>\n\t\t\t\t<a href='https:\/\/www.chateauderoncourt.fr\/?attachment_id=5905'><img loading=\"lazy\" decoding=\"async\" width=\"150\" height=\"150\" src=\"https:\/\/www.chateauderoncourt.fr\/wp-content\/uploads\/2024\/08\/IMG_8607-150x150.png\" class=\"attachment-thumbnail size-thumbnail\" alt=\"\" srcset=\"https:\/\/www.chateauderoncourt.fr\/wp-content\/uploads\/2024\/08\/IMG_8607-150x150.png 150w, https:\/\/www.chateauderoncourt.fr\/wp-content\/uploads\/2024\/08\/IMG_8607-300x300.png 300w, https:\/\/www.chateauderoncourt.fr\/wp-content\/uploads\/2024\/08\/IMG_8607-100x100.png 100w\" sizes=\"auto, (max-width: 150px) 100vw, 150px\" \/><\/a>\n\t\t\t<\/dt><\/dl><dl class='gallery-item'>\n\t\t\t<dt class='gallery-icon portrait'>\n\t\t\t\t<a href='https:\/\/www.chateauderoncourt.fr\/?attachment_id=5904'><img loading=\"lazy\" decoding=\"async\" width=\"150\" height=\"150\" src=\"https:\/\/www.chateauderoncourt.fr\/wp-content\/uploads\/2024\/08\/IMG_8608-150x150.png\" class=\"attachment-thumbnail size-thumbnail\" alt=\"\" srcset=\"https:\/\/www.chateauderoncourt.fr\/wp-content\/uploads\/2024\/08\/IMG_8608-150x150.png 150w, https:\/\/www.chateauderoncourt.fr\/wp-content\/uploads\/2024\/08\/IMG_8608-300x300.png 300w, https:\/\/www.chateauderoncourt.fr\/wp-content\/uploads\/2024\/08\/IMG_8608-100x100.png 100w\" sizes=\"auto, (max-width: 150px) 100vw, 150px\" \/><\/a>\n\t\t\t<\/dt><\/dl><dl class='gallery-item'>\n\t\t\t<dt class='gallery-icon portrait'>\n\t\t\t\t<a href='https:\/\/www.chateauderoncourt.fr\/?attachment_id=5903'><img loading=\"lazy\" decoding=\"async\" width=\"150\" height=\"150\" src=\"https:\/\/www.chateauderoncourt.fr\/wp-content\/uploads\/2024\/08\/IMG_8609-150x150.png\" class=\"attachment-thumbnail size-thumbnail\" alt=\"caravane\" srcset=\"https:\/\/www.chateauderoncourt.fr\/wp-content\/uploads\/2024\/08\/IMG_8609-150x150.png 150w, https:\/\/www.chateauderoncourt.fr\/wp-content\/uploads\/2024\/08\/IMG_8609-300x300.png 300w, https:\/\/www.chateauderoncourt.fr\/wp-content\/uploads\/2024\/08\/IMG_8609-100x100.png 100w\" sizes=\"auto, (max-width: 150px) 100vw, 150px\" \/><\/a>\n\t\t\t<\/dt><\/dl><br style=\"clear: both\" \/>\n\t\t<\/div>\n\n<\/div>\n<\/div><\/div><\/div><\/div><div id=\"pgc-5881-5-2\"  class=\"panel-grid-cell panel-grid-cell-empty\" ><\/div><\/div><\/div><div id=\"pg-5881-6\"  class=\"panel-grid panel-has-style\" ><div class=\"siteorigin-panels-stretch panel-row-style panel-row-style-for-5881-6\" data-stretch-type=\"full\" ><div id=\"pgc-5881-6-0\"  class=\"panel-grid-cell panel-grid-cell-empty\" ><\/div><div id=\"pgc-5881-6-1\"  class=\"panel-grid-cell panel-grid-cell-mobile-last\" ><div id=\"panel-5881-6-1-0\" class=\"so-panel widget widget_sow-editor panel-first-child panel-last-child\" data-index=\"9\" ><div class=\"panel-widget-style panel-widget-style-for-5881-6-1-0\" ><div class=\"so-widget-sow-editor so-widget-sow-editor-base\">\n<div class=\"siteorigin-widget-tinymce textwidget\">\n\t<\/div>\n<\/div><\/div><\/div><\/div><div id=\"pgc-5881-6-2\"  class=\"panel-grid-cell panel-grid-cell-empty\" ><\/div><\/div><\/div><div id=\"pg-5881-7\"  class=\"panel-grid panel-has-style\" ><div class=\"siteorigin-panels-stretch panel-row-style panel-row-style-for-5881-7\" data-stretch-type=\"full\" ><div id=\"pgc-5881-7-0\"  class=\"panel-grid-cell panel-grid-cell-empty\" ><\/div><\/div><\/div><\/div>","protected":false},"excerpt":{"rendered":"<p>LA CARAVANE Retour dans les seventies avec cette caravane tout confort !<\/p>\n","protected":false},"author":3,"featured_media":0,"parent":555,"menu_order":0,"comment_status":"closed","ping_status":"closed","template":"","meta":{"footnotes":""},"class_list":["post-5881","page","type-page","status-publish","hentry"],"jetpack_sharing_enabled":true,"_links":{"self":[{"href":"https:\/\/www.chateauderoncourt.fr\/index.php?rest_route=\/wp\/v2\/pages\/5881","targetHints":{"allow":["GET"]}}],"collection":[{"href":"https:\/\/www.chateauderoncourt.fr\/index.php?rest_route=\/wp\/v2\/pages"}],"about":[{"href":"https:\/\/www.chateauderoncourt.fr\/index.php?rest_route=\/wp\/v2\/types\/page"}],"author":[{"embeddable":true,"href":"https:\/\/www.chateauderoncourt.fr\/index.php?rest_route=\/wp\/v2\/users\/3"}],"replies":[{"embeddable":true,"href":"https:\/\/www.chateauderoncourt.fr\/index.php?rest_route=%2Fwp%2Fv2%2Fcomments&post=5881"}],"version-history":[{"count":22,"href":"https:\/\/www.chateauderoncourt.fr\/index.php?rest_route=\/wp\/v2\/pages\/5881\/revisions"}],"predecessor-version":[{"id":6507,"href":"https:\/\/www.chateauderoncourt.fr\/index.php?rest_route=\/wp\/v2\/pages\/5881\/revisions\/6507"}],"up":[{"embeddable":true,"href":"https:\/\/www.chateauderoncourt.fr\/index.php?rest_route=\/wp\/v2\/pages\/555"}],"wp:attachment":[{"href":"https:\/\/www.chateauderoncourt.fr\/index.php?rest_route=%2Fwp%2Fv2%2Fmedia&parent=5881"}],"curies":[{"name":"wp","href":"https:\/\/api.w.org\/{rel}","templated":true}]}}