{"id":644,"date":"2019-07-29T15:42:01","date_gmt":"2019-07-29T13:42:01","guid":{"rendered":"https:\/\/www.chateauderoncourt.fr\/?page_id=644"},"modified":"2023-07-18T22:48:09","modified_gmt":"2023-07-18T20:48:09","slug":"chambre-de-fleury","status":"publish","type":"page","link":"https:\/\/www.chateauderoncourt.fr\/?page_id=644&lang=fr","title":{"rendered":"Chambre de Fleury"},"content":{"rendered":"<div id=\"pl-644\"  class=\"panel-layout\" ><div id=\"pg-644-0\"  class=\"panel-grid panel-has-style\" ><div class=\"siteorigin-panels-stretch panel-row-style panel-row-style-for-644-0\" data-stretch-type=\"full-stretched\" ><div id=\"pgc-644-0-0\"  class=\"panel-grid-cell\" ><div id=\"panel-644-0-0-0\" class=\"so-panel widget widget_sow-editor panel-first-child panel-last-child\" data-index=\"0\" ><div class=\"panel-widget-style panel-widget-style-for-644-0-0-0\" ><div class=\"so-widget-sow-editor so-widget-sow-editor-base\">\n<div class=\"siteorigin-widget-tinymce textwidget\">\n\t<p style=\"text-align: center;\"><img loading=\"lazy\" decoding=\"async\" class=\"alignnone size-full wp-image-769\" src=\"https:\/\/www.chateauderoncourt.fr\/wp-content\/uploads\/2019\/09\/chambre-hotes-vittel-de-Fleury.jpg\" alt=\"\" width=\"1901\" height=\"795\" srcset=\"https:\/\/www.chateauderoncourt.fr\/wp-content\/uploads\/2019\/09\/chambre-hotes-vittel-de-Fleury.jpg 1901w, https:\/\/www.chateauderoncourt.fr\/wp-content\/uploads\/2019\/09\/chambre-hotes-vittel-de-Fleury-300x125.jpg 300w, https:\/\/www.chateauderoncourt.fr\/wp-content\/uploads\/2019\/09\/chambre-hotes-vittel-de-Fleury-768x321.jpg 768w, https:\/\/www.chateauderoncourt.fr\/wp-content\/uploads\/2019\/09\/chambre-hotes-vittel-de-Fleury-1024x428.jpg 1024w, https:\/\/www.chateauderoncourt.fr\/wp-content\/uploads\/2019\/09\/chambre-hotes-vittel-de-Fleury-600x251.jpg 600w\" sizes=\"auto, (max-width: 1901px) 100vw, 1901px\" \/><\/p>\n<\/div>\n<\/div><\/div><\/div><\/div><\/div><\/div><div id=\"pg-644-1\"  class=\"panel-grid panel-has-style\" ><div class=\"siteorigin-panels-stretch panel-row-style panel-row-style-for-644-1\" data-stretch-type=\"full\" ><div id=\"pgc-644-1-0\"  class=\"panel-grid-cell\" ><div id=\"panel-644-1-0-0\" class=\"so-panel widget widget_sow-editor panel-first-child panel-last-child\" data-index=\"1\" ><div class=\"so-widget-sow-editor so-widget-sow-editor-base\">\n<div class=\"siteorigin-widget-tinymce textwidget\">\n\t<h1 style=\"text-align: center;\">LA CHAMBRE DE FLEURY... LA PETITE CHAMBRE<\/h1>\n<p class=\"atlantis\" style=\"text-align: center;\"><span style=\"font-size: 14pt;\">Une des filles de M. de Stach \u00e9pousa M. de Fleury au d\u00e9but du XIX<sup>\u00e8me<\/sup> si\u00e8cle.<\/span><\/p>\n<\/div>\n<\/div><\/div><\/div><\/div><\/div><div id=\"pg-644-2\"  class=\"panel-grid panel-has-style\" ><div class=\"siteorigin-panels-stretch panel-row-style panel-row-style-for-644-2\" data-stretch-type=\"full\" ><div id=\"pgc-644-2-0\"  class=\"panel-grid-cell panel-grid-cell-empty\" ><\/div><div id=\"pgc-644-2-1\"  class=\"panel-grid-cell panel-grid-cell-mobile-last\" ><div id=\"panel-644-2-1-0\" class=\"so-panel widget widget_sow-editor panel-first-child panel-last-child\" data-index=\"2\" ><div class=\"panel-widget-style panel-widget-style-for-644-2-1-0\" ><div class=\"so-widget-sow-editor so-widget-sow-editor-base\">\n<div class=\"siteorigin-widget-tinymce textwidget\">\n\t<\/div>\n<\/div><\/div><\/div><\/div><div id=\"pgc-644-2-2\"  class=\"panel-grid-cell panel-grid-cell-empty\" ><\/div><\/div><\/div><div id=\"pg-644-3\"  class=\"panel-grid panel-has-style\" ><div class=\"siteorigin-panels-stretch panel-row-style panel-row-style-for-644-3\" data-stretch-type=\"full-stretched\" ><div id=\"pgc-644-3-0\"  class=\"panel-grid-cell panel-grid-cell-empty\" ><\/div><div id=\"pgc-644-3-1\"  class=\"panel-grid-cell\" ><div id=\"panel-644-3-1-0\" class=\"so-panel widget widget_sow-editor panel-first-child panel-last-child\" data-index=\"3\" ><div class=\"so-widget-sow-editor so-widget-sow-editor-base\">\n<div class=\"siteorigin-widget-tinymce textwidget\">\n\t<p style=\"text-align: center;\"><img loading=\"lazy\" decoding=\"async\" class=\"alignnone size-full wp-image-648\" src=\"https:\/\/www.chateauderoncourt.fr\/wp-content\/uploads\/2019\/07\/DeFleury-portrait.jpg\" alt=\"\" width=\"201\" height=\"321\" srcset=\"https:\/\/www.chateauderoncourt.fr\/wp-content\/uploads\/2019\/07\/DeFleury-portrait.jpg 201w, https:\/\/www.chateauderoncourt.fr\/wp-content\/uploads\/2019\/07\/DeFleury-portrait-188x300.jpg 188w\" sizes=\"auto, (max-width: 201px) 100vw, 201px\" \/><\/p>\n<\/div>\n<\/div><\/div><\/div><div id=\"pgc-644-3-2\"  class=\"panel-grid-cell\" ><div id=\"panel-644-3-2-0\" class=\"so-panel widget widget_sow-editor panel-first-child panel-last-child\" data-index=\"4\" ><div class=\"so-widget-sow-editor so-widget-sow-editor-base\">\n<div class=\"siteorigin-widget-tinymce textwidget\">\n\t<p><img loading=\"lazy\" decoding=\"async\" class=\"alignnone size-full wp-image-649 aligncenter\" src=\"https:\/\/www.chateauderoncourt.fr\/wp-content\/uploads\/2019\/07\/La-chambre-de-Fleury-du-chateau-de-Roncourt.jpg\" alt=\"\" width=\"427\" height=\"320\" srcset=\"https:\/\/www.chateauderoncourt.fr\/wp-content\/uploads\/2019\/07\/La-chambre-de-Fleury-du-chateau-de-Roncourt.jpg 427w, https:\/\/www.chateauderoncourt.fr\/wp-content\/uploads\/2019\/07\/La-chambre-de-Fleury-du-chateau-de-Roncourt-300x225.jpg 300w, https:\/\/www.chateauderoncourt.fr\/wp-content\/uploads\/2019\/07\/La-chambre-de-Fleury-du-chateau-de-Roncourt-135x100.jpg 135w\" sizes=\"auto, (max-width: 427px) 100vw, 427px\" \/><\/p>\n<\/div>\n<\/div><\/div><\/div><div id=\"pgc-644-3-3\"  class=\"panel-grid-cell\" ><div id=\"panel-644-3-3-0\" class=\"so-panel widget widget_sow-editor panel-first-child panel-last-child\" data-index=\"5\" ><div class=\"so-widget-sow-editor so-widget-sow-editor-base\">\n<div class=\"siteorigin-widget-tinymce textwidget\">\n\t<p><img loading=\"lazy\" decoding=\"async\" class=\"alignnone size-full wp-image-650 aligncenter\" src=\"https:\/\/www.chateauderoncourt.fr\/wp-content\/uploads\/2019\/07\/La-chambre-de-Fleury-du-chateau-de-Roncourt-2.jpg\" alt=\"\" width=\"427\" height=\"320\" srcset=\"https:\/\/www.chateauderoncourt.fr\/wp-content\/uploads\/2019\/07\/La-chambre-de-Fleury-du-chateau-de-Roncourt-2.jpg 427w, https:\/\/www.chateauderoncourt.fr\/wp-content\/uploads\/2019\/07\/La-chambre-de-Fleury-du-chateau-de-Roncourt-2-300x225.jpg 300w, https:\/\/www.chateauderoncourt.fr\/wp-content\/uploads\/2019\/07\/La-chambre-de-Fleury-du-chateau-de-Roncourt-2-135x100.jpg 135w\" sizes=\"auto, (max-width: 427px) 100vw, 427px\" \/><\/p>\n<\/div>\n<\/div><\/div><\/div><div id=\"pgc-644-3-4\"  class=\"panel-grid-cell panel-grid-cell-mobile-last\" ><div id=\"panel-644-3-4-0\" class=\"so-panel widget widget_sow-editor panel-first-child panel-last-child\" data-index=\"6\" ><div class=\"so-widget-sow-editor so-widget-sow-editor-base\">\n<div class=\"siteorigin-widget-tinymce textwidget\">\n\t<p style=\"text-align: center;\"><img loading=\"lazy\" decoding=\"async\" class=\"alignnone size-full wp-image-651\" src=\"https:\/\/www.chateauderoncourt.fr\/wp-content\/uploads\/2019\/07\/La-chambre-de-Fleury-du-chateau-de-Roncourt-3.jpg\" alt=\"\" width=\"427\" height=\"320\" srcset=\"https:\/\/www.chateauderoncourt.fr\/wp-content\/uploads\/2019\/07\/La-chambre-de-Fleury-du-chateau-de-Roncourt-3.jpg 427w, https:\/\/www.chateauderoncourt.fr\/wp-content\/uploads\/2019\/07\/La-chambre-de-Fleury-du-chateau-de-Roncourt-3-300x225.jpg 300w, https:\/\/www.chateauderoncourt.fr\/wp-content\/uploads\/2019\/07\/La-chambre-de-Fleury-du-chateau-de-Roncourt-3-135x100.jpg 135w\" sizes=\"auto, (max-width: 427px) 100vw, 427px\" \/><\/p>\n<\/div>\n<\/div><\/div><\/div><div id=\"pgc-644-3-5\"  class=\"panel-grid-cell panel-grid-cell-empty\" ><\/div><\/div><\/div><div id=\"pg-644-4\"  class=\"panel-grid panel-no-style\" ><div id=\"pgc-644-4-0\"  class=\"panel-grid-cell\" ><div id=\"panel-644-4-0-0\" class=\"so-panel widget widget_sow-editor panel-first-child panel-last-child\" data-index=\"7\" ><div class=\"so-widget-sow-editor so-widget-sow-editor-base\">\n<div class=\"siteorigin-widget-tinymce textwidget\">\n\t<p>Ancienne chambre de bonne transform\u00e9e avec un petit vestibule dressing, un espace avec le lit,<br \/>\nune douche et un wc privatifs.<\/p>\n<p>Wifi \u00e0 disposition.<br \/>\nLit b\u00e9b\u00e9 mis \u00e0 disposition gratuitement \u00e0 la demande (type lit parapluie)<br \/>\nAcc\u00e8s gratuit au micro-onde et au coin caf\u00e9<br \/>\nChiens admis<\/p>\n<p>2 personnes \u2013 60 \u20ac\/nuit (petit d\u00e9jeuner compris)<br \/>\nTARIF DEGRESSIF d\u00e8s la 2\u00e8me nuit\u00e9e :<br \/>\n2 nuits : 90 \u20ac<br \/>\nla semaine : 245 \u20ac<\/p>\n<p>Veuillez nous contacter pour r\u00e9server cette chambre.<br \/>\npar t\u00e9l\u00e9phone au 03 29 95 58 46<br \/>\nou par mail \u00e0 <a href=\"mailto:chateauderoncourt@orange.fr\">chateauderoncourt@orange.fr<\/a><\/p>\n<\/div>\n<\/div><\/div><\/div><\/div><div id=\"pg-644-5\"  class=\"panel-grid panel-has-style\" ><div class=\"siteorigin-panels-stretch panel-row-style panel-row-style-for-644-5\" data-stretch-type=\"full\" ><div id=\"pgc-644-5-0\"  class=\"panel-grid-cell panel-grid-cell-empty\" ><\/div><div id=\"pgc-644-5-1\"  class=\"panel-grid-cell panel-grid-cell-mobile-last\" ><div id=\"panel-644-5-1-0\" class=\"so-panel widget widget_sow-editor panel-first-child panel-last-child\" data-index=\"8\" ><div class=\"panel-widget-style panel-widget-style-for-644-5-1-0\" ><div class=\"so-widget-sow-editor so-widget-sow-editor-base\">\n<div class=\"siteorigin-widget-tinymce textwidget\">\n\t<h2 style=\"text-align: center;\"><span style=\"font-family: 'montserrat', sans-serif;\">GALERIE PHOTOS<\/span><\/h2>\n<\/div>\n<\/div><\/div><\/div><\/div><div id=\"pgc-644-5-2\"  class=\"panel-grid-cell panel-grid-cell-empty\" ><\/div><\/div><\/div><div id=\"pg-644-6\"  class=\"panel-grid panel-has-style\" ><div class=\"siteorigin-panels-stretch panel-row-style panel-row-style-for-644-6\" data-stretch-type=\"full\" ><div id=\"pgc-644-6-0\"  class=\"panel-grid-cell panel-grid-cell-empty\" ><\/div><div id=\"pgc-644-6-1\"  class=\"panel-grid-cell panel-grid-cell-mobile-last\" ><div id=\"panel-644-6-1-0\" class=\"so-panel widget widget_sow-editor panel-first-child panel-last-child\" data-index=\"9\" ><div class=\"panel-widget-style panel-widget-style-for-644-6-1-0\" ><div class=\"so-widget-sow-editor so-widget-sow-editor-base\">\n<div class=\"siteorigin-widget-tinymce textwidget\">\n\t<\/div>\n<\/div><\/div><\/div><\/div><div id=\"pgc-644-6-2\"  class=\"panel-grid-cell panel-grid-cell-empty\" ><\/div><\/div><\/div><div id=\"pg-644-7\"  class=\"panel-grid panel-has-style\" ><div class=\"siteorigin-panels-stretch panel-row-style panel-row-style-for-644-7\" data-stretch-type=\"full\" ><div id=\"pgc-644-7-0\"  class=\"panel-grid-cell\" ><div id=\"panel-644-7-0-0\" class=\"so-panel widget widget_sow-editor panel-first-child panel-last-child\" data-index=\"10\" ><div class=\"so-widget-sow-editor so-widget-sow-editor-base\">\n<div class=\"siteorigin-widget-tinymce textwidget\">\n\t<div class=\"foogallery foogallery-container foogallery-default foogallery-lightbox-foobox fg-gutter-10 fg-center fg-default fg-light fg-border-thin fg-shadow-outline fg-loading-default fg-loaded-fade-in fg-custom fg-caption-hover fg-hover-fade fg-hover-zoom\" id=\"foogallery-gallery-377\" data-foogallery=\"{&quot;item&quot;:{&quot;showCaptionTitle&quot;:true,&quot;showCaptionDescription&quot;:true},&quot;lazy&quot;:true,&quot;src&quot;:&quot;data-src-fg&quot;,&quot;srcset&quot;:&quot;data-srcset-fg&quot;}\" data-fg-common-fields=\"1\" >\r\n\t<div class=\"fg-item\"><figure class=\"fg-item-inner\"><a href=\"https:\/\/www.chateauderoncourt.fr\/wp-content\/uploads\/2019\/07\/Chambre-de-Fleury-Chateau-de-Roncourt.jpg\" data-attachment-id=\"686\" class=\"fg-thumb\"><span class=\"fg-image-wrap\"><img width=\"150\" height=\"150\" data-src-fg=\"https:\/\/www.chateauderoncourt.fr\/wp-content\/uploads\/cache\/2019\/07\/Chambre-de-Fleury-Chateau-de-Roncourt\/1509876891.jpg\" class=\"fg-image\" \/><\/span><\/a><figcaption class=\"fg-caption\"><div class=\"fg-caption-inner\"><\/div><\/figcaption><\/figure><div class=\"fg-loader\"><\/div><\/div><div class=\"fg-item\"><figure class=\"fg-item-inner\"><a href=\"https:\/\/www.chateauderoncourt.fr\/wp-content\/uploads\/2019\/07\/Chambre-d-hote-proche-autoroute-A31-Sortie-9.jpg\" data-attachment-id=\"687\" class=\"fg-thumb\"><span class=\"fg-image-wrap\"><img width=\"150\" height=\"150\" data-src-fg=\"https:\/\/www.chateauderoncourt.fr\/wp-content\/uploads\/cache\/2019\/07\/Chambre-d-hote-proche-autoroute-A31-Sortie-9\/298611227.jpg\" class=\"fg-image\" \/><\/span><\/a><figcaption class=\"fg-caption\"><div class=\"fg-caption-inner\"><\/div><\/figcaption><\/figure><div class=\"fg-loader\"><\/div><\/div><div class=\"fg-item\"><figure class=\"fg-item-inner\"><a href=\"https:\/\/www.chateauderoncourt.fr\/wp-content\/uploads\/2019\/07\/Chambre-d-hote-proche-Bulgneville.jpg\" data-attachment-id=\"688\" class=\"fg-thumb\"><span class=\"fg-image-wrap\"><img width=\"150\" height=\"150\" data-src-fg=\"https:\/\/www.chateauderoncourt.fr\/wp-content\/uploads\/cache\/2019\/07\/Chambre-d-hote-proche-Bulgneville\/-1821504702.jpg\" class=\"fg-image\" \/><\/span><\/a><figcaption class=\"fg-caption\"><div class=\"fg-caption-inner\"><\/div><\/figcaption><\/figure><div class=\"fg-loader\"><\/div><\/div><div class=\"fg-item\"><figure class=\"fg-item-inner\"><a href=\"https:\/\/www.chateauderoncourt.fr\/wp-content\/uploads\/2019\/07\/Chambre-d-hote-proche-Contrexeville.jpg\" data-attachment-id=\"689\" class=\"fg-thumb\"><span class=\"fg-image-wrap\"><img width=\"150\" height=\"150\" data-src-fg=\"https:\/\/www.chateauderoncourt.fr\/wp-content\/uploads\/cache\/2019\/07\/Chambre-d-hote-proche-Contrexeville\/1562011556.jpg\" class=\"fg-image\" \/><\/span><\/a><figcaption class=\"fg-caption\"><div class=\"fg-caption-inner\"><\/div><\/figcaption><\/figure><div class=\"fg-loader\"><\/div><\/div><div class=\"fg-item\"><figure class=\"fg-item-inner\"><a href=\"https:\/\/www.chateauderoncourt.fr\/wp-content\/uploads\/2019\/07\/Chambre-d-hote-proche-Vittel.jpg\" data-attachment-id=\"690\" class=\"fg-thumb\"><span class=\"fg-image-wrap\"><img width=\"150\" height=\"150\" data-src-fg=\"https:\/\/www.chateauderoncourt.fr\/wp-content\/uploads\/cache\/2019\/07\/Chambre-d-hote-proche-Vittel\/192238029.jpg\" class=\"fg-image\" \/><\/span><\/a><figcaption class=\"fg-caption\"><div class=\"fg-caption-inner\"><\/div><\/figcaption><\/figure><div class=\"fg-loader\"><\/div><\/div><div class=\"fg-item\"><figure class=\"fg-item-inner\"><a href=\"https:\/\/www.chateauderoncourt.fr\/wp-content\/uploads\/2019\/07\/chambre-d-hote-proche-autoroute-A31-sortie-9-Bulgneville.jpg\" data-attachment-id=\"734\" class=\"fg-thumb\"><span class=\"fg-image-wrap\"><img width=\"150\" height=\"150\" data-src-fg=\"https:\/\/www.chateauderoncourt.fr\/wp-content\/uploads\/cache\/2019\/07\/chambre-d-hote-proche-autoroute-A31-sortie-9-Bulgneville\/-1283409243.jpg\" class=\"fg-image\" \/><\/span><\/a><figcaption class=\"fg-caption\"><div class=\"fg-caption-inner\"><\/div><\/figcaption><\/figure><div class=\"fg-loader\"><\/div><\/div><div class=\"fg-item\"><figure class=\"fg-item-inner\"><a href=\"https:\/\/www.chateauderoncourt.fr\/wp-content\/uploads\/2019\/07\/La-chambre-de-Fleury-du-chateau-de-Roncourt-autoroute-A31.jpg\" data-attachment-id=\"770\" class=\"fg-thumb\"><span class=\"fg-image-wrap\"><img width=\"150\" height=\"150\" data-src-fg=\"https:\/\/www.chateauderoncourt.fr\/wp-content\/uploads\/cache\/2019\/07\/La-chambre-de-Fleury-du-chateau-de-Roncourt-autoroute-A31\/-1912103649.jpg\" class=\"fg-image\" \/><\/span><\/a><figcaption class=\"fg-caption\"><div class=\"fg-caption-inner\"><\/div><\/figcaption><\/figure><div class=\"fg-loader\"><\/div><\/div><div class=\"fg-item\"><figure class=\"fg-item-inner\"><a href=\"https:\/\/www.chateauderoncourt.fr\/wp-content\/uploads\/2019\/07\/La-chambre-de-Fleury-du-chateau-de-Roncourt-Bulgneville.jpg\" data-attachment-id=\"771\" class=\"fg-thumb\"><span class=\"fg-image-wrap\"><img width=\"150\" height=\"150\" data-src-fg=\"https:\/\/www.chateauderoncourt.fr\/wp-content\/uploads\/cache\/2019\/07\/La-chambre-de-Fleury-du-chateau-de-Roncourt-Bulgneville\/907169690.jpg\" class=\"fg-image\" \/><\/span><\/a><figcaption class=\"fg-caption\"><div class=\"fg-caption-inner\"><\/div><\/figcaption><\/figure><div class=\"fg-loader\"><\/div><\/div><div class=\"fg-item\"><figure class=\"fg-item-inner\"><a href=\"https:\/\/www.chateauderoncourt.fr\/wp-content\/uploads\/2019\/07\/La-chambre-de-Fleury-du-chateau-de-Roncourt-contrexeville.jpg\" data-attachment-id=\"772\" class=\"fg-thumb\"><span class=\"fg-image-wrap\"><img width=\"150\" height=\"150\" data-src-fg=\"https:\/\/www.chateauderoncourt.fr\/wp-content\/uploads\/cache\/2019\/07\/La-chambre-de-Fleury-du-chateau-de-Roncourt-contrexeville\/2130023589.jpg\" class=\"fg-image\" \/><\/span><\/a><figcaption class=\"fg-caption\"><div class=\"fg-caption-inner\"><\/div><\/figcaption><\/figure><div class=\"fg-loader\"><\/div><\/div><div class=\"fg-item\"><figure class=\"fg-item-inner\"><a href=\"https:\/\/www.chateauderoncourt.fr\/wp-content\/uploads\/2019\/07\/La-chambre-de-Fleury-du-chateau-de-Roncourt-Neufchateau.jpg\" data-attachment-id=\"773\" class=\"fg-thumb\"><span class=\"fg-image-wrap\"><img width=\"150\" height=\"150\" data-src-fg=\"https:\/\/www.chateauderoncourt.fr\/wp-content\/uploads\/cache\/2019\/07\/La-chambre-de-Fleury-du-chateau-de-Roncourt-Neufchateau\/-671420724.jpg\" class=\"fg-image\" \/><\/span><\/a><figcaption class=\"fg-caption\"><div class=\"fg-caption-inner\"><\/div><\/figcaption><\/figure><div class=\"fg-loader\"><\/div><\/div><div class=\"fg-item\"><figure class=\"fg-item-inner\"><a href=\"https:\/\/www.chateauderoncourt.fr\/wp-content\/uploads\/2019\/07\/La-chambre-de-Fleury-du-chateau-de-Roncourt-sortie-9-autoroute-A31.jpg\" data-attachment-id=\"774\" class=\"fg-thumb\"><span class=\"fg-image-wrap\"><img width=\"150\" height=\"150\" data-src-fg=\"https:\/\/www.chateauderoncourt.fr\/wp-content\/uploads\/cache\/2019\/07\/La-chambre-de-Fleury-du-chateau-de-Roncourt-sortie-9-autoroute-A31\/-1926857719.jpg\" class=\"fg-image\" \/><\/span><\/a><figcaption class=\"fg-caption\"><div class=\"fg-caption-inner\"><\/div><\/figcaption><\/figure><div class=\"fg-loader\"><\/div><\/div><div class=\"fg-item\"><figure class=\"fg-item-inner\"><a href=\"https:\/\/www.chateauderoncourt.fr\/wp-content\/uploads\/2019\/07\/La-chambre-d-hotes-de-Fleury-du-chateau-de-Roncourt.jpg\" data-attachment-id=\"776\" class=\"fg-thumb\"><span class=\"fg-image-wrap\"><img width=\"150\" height=\"150\" data-src-fg=\"https:\/\/www.chateauderoncourt.fr\/wp-content\/uploads\/cache\/2019\/07\/La-chambre-d-hotes-de-Fleury-du-chateau-de-Roncourt\/841777217.jpg\" class=\"fg-image\" \/><\/span><\/a><figcaption class=\"fg-caption\"><div class=\"fg-caption-inner\"><\/div><\/figcaption><\/figure><div class=\"fg-loader\"><\/div><\/div><\/div>\r\n\n<\/div>\n<\/div><\/div><\/div><\/div><\/div><\/div>","protected":false},"excerpt":{"rendered":"<p>LA CHAMBRE DE FLEURY&#8230; LA PETITE CHAMBRE Une des filles de M. de Stach \u00e9pousa M. de Fleury au d\u00e9but du XIX\u00e8me si\u00e8cle.<\/p>\n","protected":false},"author":1,"featured_media":0,"parent":1764,"menu_order":0,"comment_status":"closed","ping_status":"closed","template":"","meta":{"footnotes":""},"class_list":["post-644","page","type-page","status-publish","hentry"],"jetpack_sharing_enabled":true,"_links":{"self":[{"href":"https:\/\/www.chateauderoncourt.fr\/index.php?rest_route=\/wp\/v2\/pages\/644","targetHints":{"allow":["GET"]}}],"collection":[{"href":"https:\/\/www.chateauderoncourt.fr\/index.php?rest_route=\/wp\/v2\/pages"}],"about":[{"href":"https:\/\/www.chateauderoncourt.fr\/index.php?rest_route=\/wp\/v2\/types\/page"}],"author":[{"embeddable":true,"href":"https:\/\/www.chateauderoncourt.fr\/index.php?rest_route=\/wp\/v2\/users\/1"}],"replies":[{"embeddable":true,"href":"https:\/\/www.chateauderoncourt.fr\/index.php?rest_route=%2Fwp%2Fv2%2Fcomments&post=644"}],"version-history":[{"count":0,"href":"https:\/\/www.chateauderoncourt.fr\/index.php?rest_route=\/wp\/v2\/pages\/644\/revisions"}],"up":[{"embeddable":true,"href":"https:\/\/www.chateauderoncourt.fr\/index.php?rest_route=\/wp\/v2\/pages\/1764"}],"wp:attachment":[{"href":"https:\/\/www.chateauderoncourt.fr\/index.php?rest_route=%2Fwp%2Fv2%2Fmedia&parent=644"}],"curies":[{"name":"wp","href":"https:\/\/api.w.org\/{rel}","templated":true}]}}