{"id":1116,"date":"2019-09-24T10:12:15","date_gmt":"2019-09-24T08:12:15","guid":{"rendered":"https:\/\/www.chateauderoncourt.fr\/?post_type=product&#038;p=1116"},"modified":"2020-03-03T11:49:24","modified_gmt":"2020-03-03T10:49:24","slug":"stylo","status":"publish","type":"product","link":"https:\/\/www.chateauderoncourt.fr\/?product=stylo&lang=fr","title":{"rendered":"Stylo"},"content":{"rendered":"<p><img loading=\"lazy\" decoding=\"async\" class=\"alignnone size-medium wp-image-1117\" src=\"https:\/\/www.chateauderoncourt.fr\/wp-content\/uploads\/2019\/09\/stylo-bois-du-chateau-de-roncourt-225x300.jpg\" alt=\"\" width=\"225\" height=\"300\" srcset=\"https:\/\/www.chateauderoncourt.fr\/wp-content\/uploads\/2019\/09\/stylo-bois-du-chateau-de-roncourt-225x300.jpg 225w, https:\/\/www.chateauderoncourt.fr\/wp-content\/uploads\/2019\/09\/stylo-bois-du-chateau-de-roncourt.jpg 600w\" sizes=\"auto, (max-width: 225px) 100vw, 225px\" \/><\/p>\n<p>r\u00e9alis\u00e9 \u00e0 partir du bois d&rsquo;if issu du parc du ch\u00e2teau de Roncourt<\/p>\n","protected":false},"excerpt":{"rendered":"<p><img loading=\"lazy\" decoding=\"async\" class=\"alignnone size-medium wp-image-1117\" src=\"https:\/\/www.chateauderoncourt.fr\/wp-content\/uploads\/2019\/09\/stylo-bois-du-chateau-de-roncourt-225x300.jpg\" alt=\"\" width=\"225\" height=\"300\" srcset=\"https:\/\/www.chateauderoncourt.fr\/wp-content\/uploads\/2019\/09\/stylo-bois-du-chateau-de-roncourt-225x300.jpg 225w, https:\/\/www.chateauderoncourt.fr\/wp-content\/uploads\/2019\/09\/stylo-bois-du-chateau-de-roncourt.jpg 600w\" sizes=\"auto, (max-width: 225px) 100vw, 225px\" \/><\/p>\n<p>Bois : If<br \/>\nStylo bille (recharge changeable)<\/p>\n","protected":false},"featured_media":1117,"template":"","meta":[],"product_cat":[66,67],"product_tag":[],"class_list":{"0":"post-1116","1":"product","2":"type-product","3":"status-publish","4":"has-post-thumbnail","6":"product_cat-stylos","7":"product_cat-pens","8":"product_shipping_class-colissimo","10":"first","11":"instock","12":"taxable","13":"shipping-taxable","14":"purchasable","15":"product-type-simple"},"jetpack_sharing_enabled":true,"_links":{"self":[{"href":"https:\/\/www.chateauderoncourt.fr\/index.php?rest_route=\/wp\/v2\/product\/1116","targetHints":{"allow":["GET"]}}],"collection":[{"href":"https:\/\/www.chateauderoncourt.fr\/index.php?rest_route=\/wp\/v2\/product"}],"about":[{"href":"https:\/\/www.chateauderoncourt.fr\/index.php?rest_route=\/wp\/v2\/types\/product"}],"wp:featuredmedia":[{"embeddable":true,"href":"https:\/\/www.chateauderoncourt.fr\/index.php?rest_route=\/wp\/v2\/media\/1117"}],"wp:attachment":[{"href":"https:\/\/www.chateauderoncourt.fr\/index.php?rest_route=%2Fwp%2Fv2%2Fmedia&parent=1116"}],"wp:term":[{"taxonomy":"product_cat","embeddable":true,"href":"https:\/\/www.chateauderoncourt.fr\/index.php?rest_route=%2Fwp%2Fv2%2Fproduct_cat&post=1116"},{"taxonomy":"product_tag","embeddable":true,"href":"https:\/\/www.chateauderoncourt.fr\/index.php?rest_route=%2Fwp%2Fv2%2Fproduct_tag&post=1116"}],"curies":[{"name":"wp","href":"https:\/\/api.w.org\/{rel}","templated":true}]}}