{"id":1564,"date":"2020-02-02T15:16:24","date_gmt":"2020-02-02T14:16:24","guid":{"rendered":"https:\/\/www.chateauderoncourt.fr\/?post_type=product&#038;p=1564"},"modified":"2020-03-18T16:17:25","modified_gmt":"2020-03-18T15:17:25","slug":"1564","status":"publish","type":"product","link":"https:\/\/www.chateauderoncourt.fr\/?product=1564&lang=fr","title":{"rendered":"troph\u00e9e de chevreuil d\u00e9tourn\u00e9 fa\u00e7on tim burton"},"content":{"rendered":"<p><img loading=\"lazy\" decoding=\"async\" class=\"alignnone size-medium wp-image-1565\" src=\"https:\/\/www.chateauderoncourt.fr\/wp-content\/uploads\/2020\/02\/trophe\u0301e-chevreuil2-272x300.jpg\" alt=\"\" width=\"272\" height=\"300\" srcset=\"https:\/\/www.chateauderoncourt.fr\/wp-content\/uploads\/2020\/02\/trophe\u0301e-chevreuil2-272x300.jpg 272w, https:\/\/www.chateauderoncourt.fr\/wp-content\/uploads\/2020\/02\/trophe\u0301e-chevreuil2-768x847.jpg 768w, https:\/\/www.chateauderoncourt.fr\/wp-content\/uploads\/2020\/02\/trophe\u0301e-chevreuil2-928x1024.jpg 928w, https:\/\/www.chateauderoncourt.fr\/wp-content\/uploads\/2020\/02\/trophe\u0301e-chevreuil2-600x662.jpg 600w\" sizes=\"auto, (max-width: 272px) 100vw, 272px\" \/><\/p>\n<div id=\"attachment_1566\" style=\"width: 178px\" class=\"wp-caption alignnone\"><img loading=\"lazy\" decoding=\"async\" aria-describedby=\"caption-attachment-1566\" class=\"size-medium wp-image-1566\" src=\"https:\/\/www.chateauderoncourt.fr\/wp-content\/uploads\/2020\/02\/trophe\u0301e-chevreuil-168x300.jpg\" alt=\"trophee\" width=\"168\" height=\"300\" srcset=\"https:\/\/www.chateauderoncourt.fr\/wp-content\/uploads\/2020\/02\/trophe\u0301e-chevreuil-168x300.jpg 168w, https:\/\/www.chateauderoncourt.fr\/wp-content\/uploads\/2020\/02\/trophe\u0301e-chevreuil-768x1368.jpg 768w, https:\/\/www.chateauderoncourt.fr\/wp-content\/uploads\/2020\/02\/trophe\u0301e-chevreuil-575x1024.jpg 575w, https:\/\/www.chateauderoncourt.fr\/wp-content\/uploads\/2020\/02\/trophe\u0301e-chevreuil-600x1069.jpg 600w, https:\/\/www.chateauderoncourt.fr\/wp-content\/uploads\/2020\/02\/trophe\u0301e-chevreuil.jpg 1816w\" sizes=\"auto, (max-width: 168px) 100vw, 168px\" \/><p id=\"caption-attachment-1566\" class=\"wp-caption-text\">troph\u00e9e de chevreuil d\u00e9tourn\u00e9. Digne d&rsquo;un film de Tim Burton.<\/p><\/div>\n<p>Hauteur : 24cm<\/p>\n<p>largeur : 12cm<\/p>\n<p>vrai troph\u00e9e de chasse \u00e0 la base, r\u00e9cup\u00e9r\u00e9 dans une brocante.<\/p>\n","protected":false},"excerpt":{"rendered":"<p>troph\u00e9e de chasse de chevreuil (r\u00e9cup\u00e9r\u00e9 d&rsquo;une brocante), d\u00e9tourn\u00e9 avec deux petits yeux fa\u00e7on Tim Burton<\/p>\n","protected":false},"featured_media":1566,"template":"","meta":[],"product_cat":[63,64],"product_tag":[85],"class_list":{"0":"post-1564","1":"product","2":"type-product","3":"status-publish","4":"has-post-thumbnail","6":"product_cat-objets-uniques","7":"product_cat-unique-objects","8":"product_tag-objet-dart","9":"product_shipping_class-colissimo","11":"first","12":"instock","13":"taxable","14":"shipping-taxable","15":"purchasable","16":"product-type-simple"},"jetpack_sharing_enabled":true,"_links":{"self":[{"href":"https:\/\/www.chateauderoncourt.fr\/index.php?rest_route=\/wp\/v2\/product\/1564","targetHints":{"allow":["GET"]}}],"collection":[{"href":"https:\/\/www.chateauderoncourt.fr\/index.php?rest_route=\/wp\/v2\/product"}],"about":[{"href":"https:\/\/www.chateauderoncourt.fr\/index.php?rest_route=\/wp\/v2\/types\/product"}],"wp:featuredmedia":[{"embeddable":true,"href":"https:\/\/www.chateauderoncourt.fr\/index.php?rest_route=\/wp\/v2\/media\/1566"}],"wp:attachment":[{"href":"https:\/\/www.chateauderoncourt.fr\/index.php?rest_route=%2Fwp%2Fv2%2Fmedia&parent=1564"}],"wp:term":[{"taxonomy":"product_cat","embeddable":true,"href":"https:\/\/www.chateauderoncourt.fr\/index.php?rest_route=%2Fwp%2Fv2%2Fproduct_cat&post=1564"},{"taxonomy":"product_tag","embeddable":true,"href":"https:\/\/www.chateauderoncourt.fr\/index.php?rest_route=%2Fwp%2Fv2%2Fproduct_tag&post=1564"}],"curies":[{"name":"wp","href":"https:\/\/api.w.org\/{rel}","templated":true}]}}